{"id":24,"date":"2017-02-19T13:19:51","date_gmt":"2017-02-19T13:19:51","guid":{"rendered":"http:\/\/leipziger86.de\/?page_id=24"},"modified":"2017-03-06T17:16:40","modified_gmt":"2017-03-06T17:16:40","slug":"dachsanierung","status":"publish","type":"page","link":"http:\/\/leipziger86.de\/?page_id=24","title":{"rendered":"Dachsanierung"},"content":{"rendered":"<p><strong>Selbstverst\u00e4ndnis des &#8222;Es geht auch anders e.V.&#8220; zur F\u00f6rderung und Erhalt alternativer Lebenskultur<\/strong><\/p>\n<p>Der bestehende Verein entwickelte sich 2004 aus einer Jugendgruppe heraus, welche zusammen lebte und ihre Freizeit gemeinsam verbrachte. Der Gr\u00fcndungsgedanke bestand darin alternative und unkommerzielle Jugendkultur zu f\u00f6rdern, antirassistische Projekte zu unterst\u00fctzen und f\u00fcr den Tier- und Naturschutz einzutreten.<\/p>\n<p>Vor nunmehr sechs Jahren mussten wir unsere R\u00e4umlichkeit, bekannt unter der Leipziger 44 aufgeben, da die Stadt Finsterwalde eine neue Nutzung (Verkauf) anstrebte. Als Ausweichobjekte wurden uns seitens der Verwaltung nur sanierungsbed\u00fcrftige oder abrisstaugliche Immobilien angeboten. Somit entschieden wir, im selbigen Kiez, eine f\u00fcr uns und unserer G\u00e4ste geeignete Immobilie selbst zu erwerben und auszubauen. In nur f\u00fcnf Jahren haben wir es nun dank Mietkauf und Unterst\u00fctzung aller Beteiligten geschafft, den Kaufpreis von 45.000\u20ac und die dazugeh\u00f6rigen Nebenkosten (Notar, Grunderwerbssteuer u.v.a.) zu finanzieren. JUHU Willkommen im Grundbuch.<\/p>\n<p>Nun muss es aber auch fortbestehen! Um weiterhin die Klubkultur mit ihren Konzerten, Lesungen, Infoabenden, Kino, Freundeskreis der Lindenstra\u00dfe u.v.m. zu realisieren, muss nun das in den 20ger Jahren gebaute Geb\u00e4ude teilsaniert werden.<\/p>\n<p>Wegen eintretenden Regenwasser konnte vorerst die Bedachung mit Folie notd\u00fcrftig abgedichtet werden. Daher sehen wir die Sanierung des Daches als das Wichtigste zum Erhalt der R\u00e4umlichkeiten an. Der Kostenvoranschlag ergab eine Gesamtsumme von 10.200\u20ac. Da wir viel Eigenleistung (arbeitstechnisch und finanziell) mit einbringen k\u00f6nnen, ergibt sich ein Restbetrag von 6.000\u20ac. Um die Arbeiten in Auftrag zu geben, wird bis April 2017 unsere Wunschsumme von 4.000\u20ac ben\u00f6tigt. Sollte die Wunschsumme erreicht sein, wird jeder weitere Cent in die ebenso wichtige und dringende Fenstersanierung investiert.<\/p>\n<p>Wir bedanken uns vorab f\u00fcr die Unterst\u00fctzung und w\u00fcnschen Euch und uns noch viele sch\u00f6ne und interessante Stunden in unseren Gem\u00e4uern.<\/p>\n<p>Bis bald!<\/p>\n<p><a href=\"http:\/\/leipziger86.de\/wp-content\/uploads\/2017\/02\/IMG_20170205_163516.jpg\"><img loading=\"lazy\" decoding=\"async\" class=\"alignleft wp-image-31 size-thumbnail\" src=\"http:\/\/leipziger86.de\/wp-content\/uploads\/2017\/02\/IMG_20170205_163516-150x150.jpg\" width=\"150\" height=\"150\" srcset=\"http:\/\/leipziger86.de\/wp-content\/uploads\/2017\/02\/IMG_20170205_163516-150x150.jpg 150w, http:\/\/leipziger86.de\/wp-content\/uploads\/2017\/02\/IMG_20170205_163516-200x200.jpg 200w, http:\/\/leipziger86.de\/wp-content\/uploads\/2017\/02\/IMG_20170205_163516-100x100.jpg 100w\" sizes=\"(max-width: 150px) 100vw, 150px\" \/><\/a> <a href=\"http:\/\/leipziger86.de\/wp-content\/uploads\/2017\/02\/IMG_20170205_163802.jpg\"><img loading=\"lazy\" decoding=\"async\" class=\"alignleft wp-image-33 size-thumbnail\" src=\"http:\/\/leipziger86.de\/wp-content\/uploads\/2017\/02\/IMG_20170205_163802-150x150.jpg\" width=\"150\" height=\"150\" srcset=\"http:\/\/leipziger86.de\/wp-content\/uploads\/2017\/02\/IMG_20170205_163802-150x150.jpg 150w, http:\/\/leipziger86.de\/wp-content\/uploads\/2017\/02\/IMG_20170205_163802-200x200.jpg 200w, http:\/\/leipziger86.de\/wp-content\/uploads\/2017\/02\/IMG_20170205_163802-100x100.jpg 100w\" sizes=\"(max-width: 150px) 100vw, 150px\" \/><\/a> <a href=\"http:\/\/leipziger86.de\/wp-content\/uploads\/2017\/02\/IMG_20170205_163705.jpg\"><img loading=\"lazy\" decoding=\"async\" class=\"alignleft wp-image-32 size-thumbnail\" src=\"http:\/\/leipziger86.de\/wp-content\/uploads\/2017\/02\/IMG_20170205_163705-150x150.jpg\" width=\"150\" height=\"150\" srcset=\"http:\/\/leipziger86.de\/wp-content\/uploads\/2017\/02\/IMG_20170205_163705-150x150.jpg 150w, http:\/\/leipziger86.de\/wp-content\/uploads\/2017\/02\/IMG_20170205_163705-200x200.jpg 200w, http:\/\/leipziger86.de\/wp-content\/uploads\/2017\/02\/IMG_20170205_163705-100x100.jpg 100w\" sizes=\"(max-width: 150px) 100vw, 150px\" \/><\/a> <a href=\"http:\/\/leipziger86.de\/wp-content\/uploads\/2017\/02\/IMG_20170205_162956.jpg\"><img loading=\"lazy\" decoding=\"async\" class=\"alignleft wp-image-28 size-thumbnail\" src=\"http:\/\/leipziger86.de\/wp-content\/uploads\/2017\/02\/IMG_20170205_162956-150x150.jpg\" width=\"150\" height=\"150\" srcset=\"http:\/\/leipziger86.de\/wp-content\/uploads\/2017\/02\/IMG_20170205_162956-150x150.jpg 150w, http:\/\/leipziger86.de\/wp-content\/uploads\/2017\/02\/IMG_20170205_162956-200x200.jpg 200w, http:\/\/leipziger86.de\/wp-content\/uploads\/2017\/02\/IMG_20170205_162956-100x100.jpg 100w\" sizes=\"(max-width: 150px) 100vw, 150px\" \/><\/a> <a href=\"http:\/\/leipziger86.de\/wp-content\/uploads\/2017\/02\/IMG-20170205-WA0001.jpg\"><img loading=\"lazy\" decoding=\"async\" class=\"wp-image-25 size-thumbnail alignleft\" src=\"http:\/\/leipziger86.de\/wp-content\/uploads\/2017\/02\/IMG-20170205-WA0001-150x150.jpg\" width=\"150\" height=\"150\" srcset=\"http:\/\/leipziger86.de\/wp-content\/uploads\/2017\/02\/IMG-20170205-WA0001-150x150.jpg 150w, http:\/\/leipziger86.de\/wp-content\/uploads\/2017\/02\/IMG-20170205-WA0001-200x200.jpg 200w, http:\/\/leipziger86.de\/wp-content\/uploads\/2017\/02\/IMG-20170205-WA0001-100x100.jpg 100w\" sizes=\"(max-width: 150px) 100vw, 150px\" \/><\/a> <a href=\"http:\/\/leipziger86.de\/wp-content\/uploads\/2017\/02\/IMG-20170205-WA0004.jpg\"><img loading=\"lazy\" decoding=\"async\" class=\"wp-image-27 size-thumbnail alignleft\" src=\"http:\/\/leipziger86.de\/wp-content\/uploads\/2017\/02\/IMG-20170205-WA0004-150x150.jpg\" width=\"150\" height=\"150\" srcset=\"http:\/\/leipziger86.de\/wp-content\/uploads\/2017\/02\/IMG-20170205-WA0004-150x150.jpg 150w, http:\/\/leipziger86.de\/wp-content\/uploads\/2017\/02\/IMG-20170205-WA0004-200x200.jpg 200w, http:\/\/leipziger86.de\/wp-content\/uploads\/2017\/02\/IMG-20170205-WA0004-100x100.jpg 100w\" sizes=\"(max-width: 150px) 100vw, 150px\" \/><\/a> <a href=\"http:\/\/leipziger86.de\/wp-content\/uploads\/2017\/02\/IMG_20170205_163006.jpg\"><img loading=\"lazy\" decoding=\"async\" class=\"alignleft wp-image-29 size-thumbnail\" src=\"http:\/\/leipziger86.de\/wp-content\/uploads\/2017\/02\/IMG_20170205_163006-150x150.jpg\" width=\"150\" height=\"150\" srcset=\"http:\/\/leipziger86.de\/wp-content\/uploads\/2017\/02\/IMG_20170205_163006-150x150.jpg 150w, http:\/\/leipziger86.de\/wp-content\/uploads\/2017\/02\/IMG_20170205_163006-200x200.jpg 200w, http:\/\/leipziger86.de\/wp-content\/uploads\/2017\/02\/IMG_20170205_163006-100x100.jpg 100w\" sizes=\"(max-width: 150px) 100vw, 150px\" \/><\/a> <a href=\"http:\/\/leipziger86.de\/wp-content\/uploads\/2017\/02\/IMG-20170205-WA0002.jpg\"><img loading=\"lazy\" decoding=\"async\" class=\"alignleft wp-image-26 size-thumbnail\" src=\"http:\/\/leipziger86.de\/wp-content\/uploads\/2017\/02\/IMG-20170205-WA0002-150x150.jpg\" width=\"150\" height=\"150\" srcset=\"http:\/\/leipziger86.de\/wp-content\/uploads\/2017\/02\/IMG-20170205-WA0002-150x150.jpg 150w, http:\/\/leipziger86.de\/wp-content\/uploads\/2017\/02\/IMG-20170205-WA0002-200x200.jpg 200w, http:\/\/leipziger86.de\/wp-content\/uploads\/2017\/02\/IMG-20170205-WA0002-100x100.jpg 100w\" sizes=\"(max-width: 150px) 100vw, 150px\" \/><\/a> <a href=\"http:\/\/leipziger86.de\/wp-content\/uploads\/2017\/02\/IMG_20170205_163221.jpg\"><img loading=\"lazy\" decoding=\"async\" class=\"alignleft wp-image-30 size-thumbnail\" src=\"http:\/\/leipziger86.de\/wp-content\/uploads\/2017\/02\/IMG_20170205_163221-150x150.jpg\" width=\"150\" height=\"150\" srcset=\"http:\/\/leipziger86.de\/wp-content\/uploads\/2017\/02\/IMG_20170205_163221-150x150.jpg 150w, http:\/\/leipziger86.de\/wp-content\/uploads\/2017\/02\/IMG_20170205_163221-200x200.jpg 200w, http:\/\/leipziger86.de\/wp-content\/uploads\/2017\/02\/IMG_20170205_163221-100x100.jpg 100w\" sizes=\"(max-width: 150px) 100vw, 150px\" \/><\/a><\/p>\n<p>&nbsp;<\/p>\n<p>&nbsp;<\/p>\n<p>&nbsp;<\/p>\n<p>&nbsp;<\/p>\n<p>&nbsp;<\/p>\n<p>&nbsp;<\/p>\n<p>&nbsp;<\/p>\n<p>&nbsp;<\/p>\n<p>&nbsp;<\/p>\n<p>&nbsp;<\/p>\n<p>Crowfunding:<br \/>\n<a href=\"https:\/\/www.startnext.com\/dachsanierungl86\">https:\/\/www.startnext.com\/dachsanierungl86<\/a><\/p>\n<p>Spendenkonto:<br \/>\nBeg\u00fcnstiger: Es geht auch anders e.V.<br \/>\nIBAN: DE05 1805 1000 3100 2235 34<br \/>\nVerwendungszweck: Dachsanierung<\/p>\n<p>Wir stellen Euch gerne ab einem Betrag von 15 Euro eine Zuwendungsbest\u00e4tigung aus. Daf\u00fcr ben\u00f6tigen wir die komplette Anschrift. Diese k\u00f6nnt Ihr uns bei der \u00dcberweisung im Verwendungszweck, per <span lang=\"en\">E-Mail <\/span> oder schriftlich mitteilen.<\/p>\n","protected":false},"excerpt":{"rendered":"<p>Selbstverst\u00e4ndnis des &#8222;Es geht auch anders e.V.&#8220; zur F\u00f6rderung und Erhalt alternativer Lebenskultur Der bestehende Verein entwickelte sich 2004 aus einer Jugendgruppe heraus, welche zusammen lebte und ihre Freizeit gemeinsam verbrachte. Der Gr\u00fcndungsgedanke bestand darin alternative und unkommerzielle Jugendkultur zu &hellip; <a href=\"http:\/\/leipziger86.de\/?page_id=24\">Weiterlesen <span class=\"meta-nav\">&rarr;<\/span><\/a><\/p>\n","protected":false},"author":1,"featured_media":0,"parent":0,"menu_order":0,"comment_status":"closed","ping_status":"closed","template":"","meta":{"footnotes":""},"class_list":["post-24","page","type-page","status-publish","hentry"],"_links":{"self":[{"href":"http:\/\/leipziger86.de\/index.php?rest_route=\/wp\/v2\/pages\/24"}],"collection":[{"href":"http:\/\/leipziger86.de\/index.php?rest_route=\/wp\/v2\/pages"}],"about":[{"href":"http:\/\/leipziger86.de\/index.php?rest_route=\/wp\/v2\/types\/page"}],"author":[{"embeddable":true,"href":"http:\/\/leipziger86.de\/index.php?rest_route=\/wp\/v2\/users\/1"}],"replies":[{"embeddable":true,"href":"http:\/\/leipziger86.de\/index.php?rest_route=%2Fwp%2Fv2%2Fcomments&post=24"}],"version-history":[{"count":11,"href":"http:\/\/leipziger86.de\/index.php?rest_route=\/wp\/v2\/pages\/24\/revisions"}],"predecessor-version":[{"id":79,"href":"http:\/\/leipziger86.de\/index.php?rest_route=\/wp\/v2\/pages\/24\/revisions\/79"}],"wp:attachment":[{"href":"http:\/\/leipziger86.de\/index.php?rest_route=%2Fwp%2Fv2%2Fmedia&parent=24"}],"curies":[{"name":"wp","href":"https:\/\/api.w.org\/{rel}","templated":true}]}}